{"id":57,"date":"2021-02-24T18:36:10","date_gmt":"2021-02-24T18:36:10","guid":{"rendered":"https:\/\/skinsbol.com\/?page_id=57"},"modified":"2021-03-02T15:15:01","modified_gmt":"2021-03-02T15:15:01","slug":"por-que-somos-diferentes","status":"publish","type":"page","link":"https:\/\/skinsbol.com\/en\/por-que-somos-diferentes\/","title":{"rendered":"Why are we different?"},"content":{"rendered":"<div data-elementor-type=\"wp-page\" data-elementor-id=\"57\" data-post-id=\"57\" data-obj-id=\"57\" class=\"elementor elementor-57 dce-elementor-post-57\" data-elementor-settings=\"[]\">\n\t\t\t\t\t\t<div class=\"elementor-inner\">\n\t\t\t\t\t\t\t<div class=\"elementor-section-wrap\">\n\t\t\t\t\t\t\t<section data-particle_enable=\"false\" data-particle-mobile-disabled=\"false\" class=\"elementor-section elementor-top-section elementor-element elementor-element-fd6e2c1 elementor-section-full_width elementor-section-height-default elementor-section-height-default\" data-id=\"fd6e2c1\" data-element_type=\"section\" data-settings=\"{&quot;background_background&quot;:&quot;classic&quot;}\">\n\t\t\t\t\t\t\t<div class=\"elementor-background-overlay\"><\/div>\n\t\t\t\t\t\t\t<div class=\"elementor-container elementor-column-gap-default\">\n\t\t\t\t\t\t\t<div class=\"elementor-row\">\n\t\t\t\t\t<div class=\"elementor-column elementor-col-100 elementor-top-column elementor-element elementor-element-42c4560\" data-id=\"42c4560\" data-element_type=\"column\">\n\t\t\t<div class=\"elementor-column-wrap elementor-element-populated\">\n\t\t\t\t\t\t\t<div class=\"elementor-widget-wrap\">\n\t\t\t\t\t\t<div class=\"elementor-element elementor-element-997fab3 elementor-widget elementor-widget-text-editor\" data-id=\"997fab3\" data-element_type=\"widget\" data-widget_type=\"text-editor.default\">\n\t\t\t\t<div class=\"elementor-widget-container\">\n\t\t\t\t\t<div class=\"elementor-text-editor elementor-clearfix\"><\/div>\n\t\t\t\t<\/div>\n\t\t\t\t<\/div>\n\t\t\t\t\t\t<\/div>\n\t\t\t\t\t<\/div>\n\t\t<\/div>\n\t\t\t\t\t\t\t\t<\/div>\n\t\t\t\t\t<\/div>\n\t\t<\/section>\n\t\t\t\t<section data-particle_enable=\"false\" data-particle-mobile-disabled=\"false\" class=\"elementor-section elementor-top-section elementor-element elementor-element-de725a6 elementor-section-full_width elementor-section-height-default elementor-section-height-default\" data-id=\"de725a6\" data-element_type=\"section\" data-settings=\"{&quot;background_background&quot;:&quot;classic&quot;}\">\n\t\t\t\t\t\t<div class=\"elementor-container elementor-column-gap-default\">\n\t\t\t\t\t\t\t<div class=\"elementor-row\">\n\t\t\t\t\t<div class=\"elementor-column elementor-col-100 elementor-top-column elementor-element elementor-element-1bde05c\" data-id=\"1bde05c\" data-element_type=\"column\">\n\t\t\t<div class=\"elementor-column-wrap elementor-element-populated\">\n\t\t\t\t\t\t\t<div class=\"elementor-widget-wrap\">\n\t\t\t\t\t\t<div class=\"elementor-element elementor-element-4d27698 elementor-widget elementor-widget-spacer\" data-id=\"4d27698\" data-element_type=\"widget\" data-widget_type=\"spacer.default\">\n\t\t\t\t<div class=\"elementor-widget-container\">\n\t\t\t\t\t<div class=\"elementor-spacer\">\n\t\t\t<div class=\"elementor-spacer-inner\"><\/div>\n\t\t<\/div>\n\t\t\t\t<\/div>\n\t\t\t\t<\/div>\n\t\t\t\t\t\t<\/div>\n\t\t\t\t\t<\/div>\n\t\t<\/div>\n\t\t\t\t\t\t\t\t<\/div>\n\t\t\t\t\t<\/div>\n\t\t<\/section>\n\t\t\t\t\n\t\t\t<script>\t\n\t\t\t\t(function($) {\n                    \"use strict\";\n                    \n                    var target = $('.elementor-element-de725a6');\n                    \n                                            \n                    var EaelParallaxElement = {\n                        \n\t\t\t\t\t\tinit: function() {\n\t\t\t\t\t\t\telementorFrontend.hooks.addAction('frontend\/element_ready\/global', EaelParallaxElement.initWidget);\n\t\t\t\t\t\t},\n                        responsiveParallax: function(){\n                            var android = 0,\n                                ios = 0;\n                            switch( true || 1 ){\n                                case android && ios:\n                                    return \/iPad|iPhone|iPod|Android\/;\n                                    break;\n                                case android && ! ios:\n                                    return \/Android\/;\n                                    break;\n                                case ! android && ios:\n                                    return \/iPad|iPhone|iPod\/;\n                                    break;\n                                case ( ! android && ! ios ): \n                                    return null;\n                            }\n                        },\n\t\t\t\t\t\tinitWidget: function( $scope ) {\n                            \n\t\t\t\t\t\t\ttarget.jarallax({\n\t\t\t\t\t\t\t\ttype: 'scroll',\n\t\t\t\t\t\t\t\tspeed: 0.5,\n\t\t\t\t\t\t\t\tkeepImg: true,\n                                disableParallax: EaelParallaxElement.responsiveParallax(),\n\t\t\t\t\t\t\t});\n\t\t\t\t\t\t}\n                        \n\t\t\t\t\t};\n                    \n\t\t\t\t\t$( window ).on('elementor\/frontend\/init', EaelParallaxElement.init);\n                    \n                    \t\t\t\t}( jQuery ) );\n\t\t\t<\/script>\n\t\t\t\t<section data-particle_enable=\"false\" data-particle-mobile-disabled=\"false\" class=\"elementor-section elementor-top-section elementor-element elementor-element-eeb45eb elementor-section-full_width elementor-section-height-default elementor-section-height-default\" data-id=\"eeb45eb\" data-element_type=\"section\" data-settings=\"{&quot;background_background&quot;:&quot;classic&quot;}\">\n\t\t\t\t\t\t\t<div class=\"elementor-background-overlay\"><\/div>\n\t\t\t\t\t\t\t<div class=\"elementor-container elementor-column-gap-default\">\n\t\t\t\t\t\t\t<div class=\"elementor-row\">\n\t\t\t\t\t<div class=\"elementor-column elementor-col-100 elementor-top-column elementor-element elementor-element-2e17b6c\" data-id=\"2e17b6c\" data-element_type=\"column\">\n\t\t\t<div class=\"elementor-column-wrap elementor-element-populated\">\n\t\t\t\t\t\t\t<div class=\"elementor-widget-wrap\">\n\t\t\t\t\t\t<div class=\"elementor-element elementor-element-1ae415d elementor-widget elementor-widget-text-editor\" data-id=\"1ae415d\" data-element_type=\"widget\" data-widget_type=\"text-editor.default\">\n\t\t\t\t<div class=\"elementor-widget-container\">\n\t\t\t\t\t<div class=\"elementor-text-editor elementor-clearfix\"><h1 style=\"text-align: center;\"><span style=\"font-weight: normal;\">Why are we different?<\/span><\/h1><\/div>\n\t\t\t\t<\/div>\n\t\t\t\t<\/div>\n\t\t\t\t\t\t<\/div>\n\t\t\t\t\t<\/div>\n\t\t<\/div>\n\t\t\t\t\t\t\t\t<\/div>\n\t\t\t\t\t<\/div>\n\t\t<\/section>\n\t\t\t\t<section data-particle_enable=\"false\" data-particle-mobile-disabled=\"false\" class=\"elementor-section elementor-top-section elementor-element elementor-element-3d522cd elementor-section-full_width elementor-section-height-default elementor-section-height-default\" data-id=\"3d522cd\" data-element_type=\"section\">\n\t\t\t\t\t\t\t<div class=\"elementor-background-overlay\"><\/div>\n\t\t\t\t\t\t\t<div class=\"elementor-container elementor-column-gap-default\">\n\t\t\t\t\t\t\t<div class=\"elementor-row\">\n\t\t\t\t\t<div class=\"elementor-column elementor-col-33 elementor-top-column elementor-element elementor-element-fd783e6\" data-id=\"fd783e6\" data-element_type=\"column\">\n\t\t\t<div class=\"elementor-column-wrap elementor-element-populated\">\n\t\t\t\t\t\t\t<div class=\"elementor-widget-wrap\">\n\t\t\t\t\t\t<div class=\"elementor-element elementor-element-71be8ff elementor-widget elementor-widget-text-editor\" data-id=\"71be8ff\" data-element_type=\"widget\" data-widget_type=\"text-editor.default\">\n\t\t\t\t<div class=\"elementor-widget-container\">\n\t\t\t\t\t<div class=\"elementor-text-editor elementor-clearfix\"><p><strong>BY OUR AUTOSKINSTALL\u00ae SYSTEM<\/strong><\/p><p>With <strong>AUTOSKINSTALL\u00ae<\/strong>, now you have the option of being able to upgrade your vehicle's interior, saving you time and money by installing your new seat covers yourself. You can install your covers without experience and any special tools, in less than an hour by following the video provided in each kit of <strong>AUTOSKINSTALL\u00ae<\/strong>. You will be amazed at the professional finish that your vehicle interior will have, as your covers will fit perfectly and you will feel the true smell of leather as if you were wearing leather gloves on your hands.<\/p><p>Of course, if you prefer, our local dealers will always be ready to help you, especially if you also want to include leather on the door panels, steering wheel gearbox bag, etc.<\/p><\/div>\n\t\t\t\t<\/div>\n\t\t\t\t<\/div>\n\t\t\t\t\t\t<\/div>\n\t\t\t\t\t<\/div>\n\t\t<\/div>\n\t\t\t\t<div class=\"elementor-column elementor-col-33 elementor-top-column elementor-element elementor-element-4d94818\" data-id=\"4d94818\" data-element_type=\"column\">\n\t\t\t<div class=\"elementor-column-wrap elementor-element-populated\">\n\t\t\t\t\t\t\t<div class=\"elementor-widget-wrap\">\n\t\t\t\t\t\t<div class=\"elementor-element elementor-element-6ba0430 elementor-widget elementor-widget-text-editor\" data-id=\"6ba0430\" data-element_type=\"widget\" data-widget_type=\"text-editor.default\">\n\t\t\t\t<div class=\"elementor-widget-container\">\n\t\t\t\t\t<div class=\"elementor-text-editor elementor-clearfix\"><p><strong>BECAUSE WE TELL YOU EXACTLY WHAT YOU ARE BUYING<\/strong><strong>.<\/strong><\/p><p>By telling you exactly what you are getting, we don't waste or waste your time with \"bait and hook\" tactics.<\/p><p>Most people do not know that when they buy their vehicle with leather inferiors and with the increase in price that this represents, in many cases they are receiving a mixture of leather-vinyl. Except for some very exclusive and therefore very expensive car manufacturers that actually offer interiors composed of 100% automotive leather, unfortunately many companies that supply car covers think that if the houses that sell cars offer these mixtures as if they were pure leather interiors, they can do it too.<\/p><p>You will see that on our website, we offer you four types of basic options: ALL LEATHER; TWO MIXTURES OF VINYL LEATHER and EVERYTHING in VINYL.<\/p><p>To give you a clear idea of \u200b\u200bthe percentages or pieces that will be leather and vinyl, on the Online orders page under the Material option, we graphically show you the areas of the seat that will be leather and vinyl respectively<\/p><p>Many people prefer the leather-vinyl combination not only because of its lower price but because vinyl is being widely used in the automotive industry and this material being more resistant to water and dirt, it adapts to the back of the front seats and that when passengers enter, especially children constantly step on and rub these pieces, therefore it is a good option to use vinyl in these parts.<\/p><\/div>\n\t\t\t\t<\/div>\n\t\t\t\t<\/div>\n\t\t\t\t\t\t<\/div>\n\t\t\t\t\t<\/div>\n\t\t<\/div>\n\t\t\t\t<div class=\"elementor-column elementor-col-33 elementor-top-column elementor-element elementor-element-1071a73\" data-id=\"1071a73\" data-element_type=\"column\">\n\t\t\t<div class=\"elementor-column-wrap elementor-element-populated\">\n\t\t\t\t\t\t\t<div class=\"elementor-widget-wrap\">\n\t\t\t\t\t\t<div class=\"elementor-element elementor-element-eca1d1c elementor-widget elementor-widget-text-editor\" data-id=\"eca1d1c\" data-element_type=\"widget\" data-widget_type=\"text-editor.default\">\n\t\t\t\t<div class=\"elementor-widget-container\">\n\t\t\t\t\t<div class=\"elementor-text-editor elementor-clearfix\"><p><strong>FOR OUR PRICES.<\/strong><\/p><p>Do us and do yourself a favor. Look around first, compare prices and come back to us. Before you make your purchase decision, check the price difference and also take into account the extra savings per installation, with our AUTOSKINSTALL\u00ae System.<\/p><p><strong>BY OUR LABOR.<\/strong><\/p><p>We would like to offer you delivery within 48 hours of placing the order, but we cannot. Anyone who can do it, with this type of product, is showing that they have a lot of unsold products and do not have enough orders to keep their employees busy.<\/p><p>\u00a0<\/p><p>Due to the wide range of colors, finished designs, and logo options we offer to our clients, most of our orders are custom. For these reasons we prefer not to commit to deliveries in terms of less than ten days, offering promises that will not be possible to fulfill. After all, the luxury is worth the wait.<\/p><\/div>\n\t\t\t\t<\/div>\n\t\t\t\t<\/div>\n\t\t\t\t\t\t<\/div>\n\t\t\t\t\t<\/div>\n\t\t<\/div>\n\t\t\t\t\t\t\t\t<\/div>\n\t\t\t\t\t<\/div>\n\t\t<\/section>\n\t\t\t\t\t\t<\/div>\n\t\t\t\t\t\t<\/div>\n\t\t\t\t\t<\/div>","protected":false},"excerpt":{"rendered":"<p>\u00bfPor qu\u00e9 somos diferentes? POR NUESTRO SISTEMA DE AUTOSKINSTALL\u00ae Con AUTOSKINSTALL\u00ae, ahora usted tiene la opci\u00f3n de poder mejorar el interior de su veh\u00edculo permiti\u00e9ndole ahorrar tiempo y dinero al instalar usted mismo sus nuevas fundas para asientos. Puede instalar sus fundas sin tener experiencia y ninguna herramienta especial, en menos de una hora siguiendo&hellip;&nbsp;<a href=\"https:\/\/skinsbol.com\/en\/por-que-somos-diferentes\/\" class=\"\" rel=\"bookmark\">Read More &raquo;<span class=\"screen-reader-text\">Why are we different?<\/span><\/a><\/p>","protected":false},"author":1,"featured_media":0,"parent":0,"menu_order":0,"comment_status":"closed","ping_status":"closed","template":"page-templates\/template-pagebuilder-full-width.php","meta":{"neve_meta_sidebar":"full-width","neve_meta_container":"","neve_meta_enable_content_width":"on","neve_meta_content_width":100,"neve_meta_title_alignment":"","neve_meta_author_avatar":"","neve_post_elements_order":"","neve_meta_disable_header":"","neve_meta_disable_footer":"","neve_meta_disable_title":""},"_links":{"self":[{"href":"https:\/\/skinsbol.com\/en\/wp-json\/wp\/v2\/pages\/57"}],"collection":[{"href":"https:\/\/skinsbol.com\/en\/wp-json\/wp\/v2\/pages"}],"about":[{"href":"https:\/\/skinsbol.com\/en\/wp-json\/wp\/v2\/types\/page"}],"author":[{"embeddable":true,"href":"https:\/\/skinsbol.com\/en\/wp-json\/wp\/v2\/users\/1"}],"replies":[{"embeddable":true,"href":"https:\/\/skinsbol.com\/en\/wp-json\/wp\/v2\/comments?post=57"}],"version-history":[{"count":69,"href":"https:\/\/skinsbol.com\/en\/wp-json\/wp\/v2\/pages\/57\/revisions"}],"predecessor-version":[{"id":855,"href":"https:\/\/skinsbol.com\/en\/wp-json\/wp\/v2\/pages\/57\/revisions\/855"}],"wp:attachment":[{"href":"https:\/\/skinsbol.com\/en\/wp-json\/wp\/v2\/media?parent=57"}],"curies":[{"name":"wp","href":"https:\/\/api.w.org\/{rel}","templated":true}]}}