{"id":146,"date":"2021-02-24T20:49:18","date_gmt":"2021-02-24T20:49:18","guid":{"rendered":"https:\/\/skinsbol.com\/?page_id=146"},"modified":"2021-03-02T16:07:16","modified_gmt":"2021-03-02T16:07:16","slug":"quienes-somos","status":"publish","type":"page","link":"https:\/\/skinsbol.com\/en\/quienes-somos\/","title":{"rendered":"About us"},"content":{"rendered":"<div data-elementor-type=\"wp-page\" data-elementor-id=\"146\" data-post-id=\"146\" data-obj-id=\"146\" class=\"elementor elementor-146 dce-elementor-post-146\" data-elementor-settings=\"[]\">\n\t\t\t\t\t\t<div class=\"elementor-inner\">\n\t\t\t\t\t\t\t<div class=\"elementor-section-wrap\">\n\t\t\t\t\t\t\t<section data-particle_enable=\"false\" data-particle-mobile-disabled=\"false\" class=\"elementor-section elementor-top-section elementor-element elementor-element-fd6e2c1 elementor-section-full_width elementor-section-height-default elementor-section-height-default\" data-id=\"fd6e2c1\" data-element_type=\"section\" data-settings=\"{&quot;background_background&quot;:&quot;classic&quot;}\">\n\t\t\t\t\t\t\t<div class=\"elementor-background-overlay\"><\/div>\n\t\t\t\t\t\t\t<div class=\"elementor-container elementor-column-gap-default\">\n\t\t\t\t\t\t\t<div class=\"elementor-row\">\n\t\t\t\t\t<div class=\"elementor-column elementor-col-100 elementor-top-column elementor-element elementor-element-42c4560\" data-id=\"42c4560\" data-element_type=\"column\">\n\t\t\t<div class=\"elementor-column-wrap elementor-element-populated\">\n\t\t\t\t\t\t\t<div class=\"elementor-widget-wrap\">\n\t\t\t\t\t\t<div class=\"elementor-element elementor-element-997fab3 elementor-widget elementor-widget-text-editor\" data-id=\"997fab3\" data-element_type=\"widget\" data-widget_type=\"text-editor.default\">\n\t\t\t\t<div class=\"elementor-widget-container\">\n\t\t\t\t\t<div class=\"elementor-text-editor elementor-clearfix\"><\/div>\n\t\t\t\t<\/div>\n\t\t\t\t<\/div>\n\t\t\t\t\t\t<\/div>\n\t\t\t\t\t<\/div>\n\t\t<\/div>\n\t\t\t\t\t\t\t\t<\/div>\n\t\t\t\t\t<\/div>\n\t\t<\/section>\n\t\t\t\t<section data-particle_enable=\"false\" data-particle-mobile-disabled=\"false\" class=\"elementor-section elementor-top-section elementor-element elementor-element-af1f44e elementor-section-full_width elementor-section-height-default elementor-section-height-default\" data-id=\"af1f44e\" data-element_type=\"section\" data-settings=\"{&quot;background_background&quot;:&quot;classic&quot;}\">\n\t\t\t\t\t\t<div class=\"elementor-container elementor-column-gap-default\">\n\t\t\t\t\t\t\t<div class=\"elementor-row\">\n\t\t\t\t\t<div class=\"elementor-column elementor-col-100 elementor-top-column elementor-element elementor-element-fbf09c8\" data-id=\"fbf09c8\" data-element_type=\"column\">\n\t\t\t<div class=\"elementor-column-wrap elementor-element-populated\">\n\t\t\t\t\t\t\t<div class=\"elementor-widget-wrap\">\n\t\t\t\t\t\t<div class=\"elementor-element elementor-element-e032c81 elementor-widget elementor-widget-spacer\" data-id=\"e032c81\" data-element_type=\"widget\" data-widget_type=\"spacer.default\">\n\t\t\t\t<div class=\"elementor-widget-container\">\n\t\t\t\t\t<div class=\"elementor-spacer\">\n\t\t\t<div class=\"elementor-spacer-inner\"><\/div>\n\t\t<\/div>\n\t\t\t\t<\/div>\n\t\t\t\t<\/div>\n\t\t\t\t\t\t<\/div>\n\t\t\t\t\t<\/div>\n\t\t<\/div>\n\t\t\t\t\t\t\t\t<\/div>\n\t\t\t\t\t<\/div>\n\t\t<\/section>\n\t\t\t\t\n\t\t\t<script>\t\n\t\t\t\t(function($) {\n                    \"use strict\";\n                    \n                    var target = $('.elementor-element-af1f44e');\n                    \n                                            \n                    var EaelParallaxElement = {\n                        \n\t\t\t\t\t\tinit: function() {\n\t\t\t\t\t\t\telementorFrontend.hooks.addAction('frontend\/element_ready\/global', EaelParallaxElement.initWidget);\n\t\t\t\t\t\t},\n                        responsiveParallax: function(){\n                            var android = 0,\n                                ios = 0;\n                            switch( true || 1 ){\n                                case android && ios:\n                                    return \/iPad|iPhone|iPod|Android\/;\n                                    break;\n                                case android && ! ios:\n                                    return \/Android\/;\n                                    break;\n                                case ! android && ios:\n                                    return \/iPad|iPhone|iPod\/;\n                                    break;\n                                case ( ! android && ! ios ): \n                                    return null;\n                            }\n                        },\n\t\t\t\t\t\tinitWidget: function( $scope ) {\n                            \n\t\t\t\t\t\t\ttarget.jarallax({\n\t\t\t\t\t\t\t\ttype: 'scroll',\n\t\t\t\t\t\t\t\tspeed: 0.5,\n\t\t\t\t\t\t\t\tkeepImg: true,\n                                disableParallax: EaelParallaxElement.responsiveParallax(),\n\t\t\t\t\t\t\t});\n\t\t\t\t\t\t}\n                        \n\t\t\t\t\t};\n                    \n\t\t\t\t\t$( window ).on('elementor\/frontend\/init', EaelParallaxElement.init);\n                    \n                    \t\t\t\t}( jQuery ) );\n\t\t\t<\/script>\n\t\t\t\t<section data-particle_enable=\"false\" data-particle-mobile-disabled=\"false\" class=\"elementor-section elementor-top-section elementor-element elementor-element-1175533 elementor-section-full_width elementor-section-height-default elementor-section-height-default\" data-id=\"1175533\" data-element_type=\"section\" data-settings=\"{&quot;background_background&quot;:&quot;classic&quot;}\">\n\t\t\t\t\t\t\t<div class=\"elementor-background-overlay\"><\/div>\n\t\t\t\t\t\t\t<div class=\"elementor-container elementor-column-gap-default\">\n\t\t\t\t\t\t\t<div class=\"elementor-row\">\n\t\t\t\t\t<div class=\"elementor-column elementor-col-100 elementor-top-column elementor-element elementor-element-db3e296\" data-id=\"db3e296\" data-element_type=\"column\">\n\t\t\t<div class=\"elementor-column-wrap elementor-element-populated\">\n\t\t\t\t\t\t\t<div class=\"elementor-widget-wrap\">\n\t\t\t\t\t\t<div class=\"elementor-element elementor-element-8333fd1 elementor-widget elementor-widget-text-editor\" data-id=\"8333fd1\" data-element_type=\"widget\" data-widget_type=\"text-editor.default\">\n\t\t\t\t<div class=\"elementor-widget-container\">\n\t\t\t\t\t<div class=\"elementor-text-editor elementor-clearfix\"><h1 style=\"text-align: center;\">About us<\/h1><\/div>\n\t\t\t\t<\/div>\n\t\t\t\t<\/div>\n\t\t\t\t\t\t<\/div>\n\t\t\t\t\t<\/div>\n\t\t<\/div>\n\t\t\t\t\t\t\t\t<\/div>\n\t\t\t\t\t<\/div>\n\t\t<\/section>\n\t\t\t\t<section data-particle_enable=\"false\" data-particle-mobile-disabled=\"false\" class=\"elementor-section elementor-top-section elementor-element elementor-element-3d522cd elementor-section-full_width elementor-section-height-default elementor-section-height-default\" data-id=\"3d522cd\" data-element_type=\"section\">\n\t\t\t\t\t\t\t<div class=\"elementor-background-overlay\"><\/div>\n\t\t\t\t\t\t\t<div class=\"elementor-container elementor-column-gap-default\">\n\t\t\t\t\t\t\t<div class=\"elementor-row\">\n\t\t\t\t\t<div class=\"elementor-column elementor-col-50 elementor-top-column elementor-element elementor-element-fd783e6\" data-id=\"fd783e6\" data-element_type=\"column\">\n\t\t\t<div class=\"elementor-column-wrap elementor-element-populated\">\n\t\t\t\t\t\t\t<div class=\"elementor-widget-wrap\">\n\t\t\t\t\t\t<div class=\"elementor-element elementor-element-71be8ff elementor-widget elementor-widget-text-editor\" data-id=\"71be8ff\" data-element_type=\"widget\" data-widget_type=\"text-editor.default\">\n\t\t\t\t<div class=\"elementor-widget-container\">\n\t\t\t\t\t<div class=\"elementor-text-editor elementor-clearfix\"><p><strong>SKINSBOL<\/strong> is a new concept born of old traditions. Until now, the use of real leather in cars was only reserved for those who could afford extra luxuries. Working directly with one of the most prestigious tanneries in Latin America and using the best local artisans, we can offer this noble product at an affordable price.<\/p><p>We use only the highest quality automotive leather. In fact, our supplier normally sells only to automobile manufacturers, but we have access to directly purchase the best selected quality, individually chosen by our quality control experts.<\/p><\/div>\n\t\t\t\t<\/div>\n\t\t\t\t<\/div>\n\t\t\t\t\t\t<\/div>\n\t\t\t\t\t<\/div>\n\t\t<\/div>\n\t\t\t\t<div class=\"elementor-column elementor-col-50 elementor-top-column elementor-element elementor-element-4d94818\" data-id=\"4d94818\" data-element_type=\"column\">\n\t\t\t<div class=\"elementor-column-wrap elementor-element-populated\">\n\t\t\t\t\t\t\t<div class=\"elementor-widget-wrap\">\n\t\t\t\t\t\t<div class=\"elementor-element elementor-element-6ba0430 elementor-widget elementor-widget-text-editor\" data-id=\"6ba0430\" data-element_type=\"widget\" data-widget_type=\"text-editor.default\">\n\t\t\t\t<div class=\"elementor-widget-container\">\n\t\t\t\t\t<div class=\"elementor-text-editor elementor-clearfix\"><p>Due to the excellence in all this process that begins in the tannery and ends in our final product, we can offer a 3-year \/ 50,000 Kms warranty (see warranty details).<\/p><p>In order to ensure a response to any request. <strong>SKINSBOL<\/strong> offers you more than 1500 models of seat styles and shapes. Our products are carefully tailored to fit perfectly on top of your existing upholstery (if your vehicle already has leather interlining, the covers require special molding). If the model of your vehicle is not in our database, we are happy to make the covers for your seats as we have enough information for this purpose, custom orders will normally have a 10% surcharge on the price compared to normal orders and will be shipped within fifteen business days of placing the order.<\/p><\/div>\n\t\t\t\t<\/div>\n\t\t\t\t<\/div>\n\t\t\t\t\t\t<\/div>\n\t\t\t\t\t<\/div>\n\t\t<\/div>\n\t\t\t\t\t\t\t\t<\/div>\n\t\t\t\t\t<\/div>\n\t\t<\/section>\n\t\t\t\t<section data-particle_enable=\"false\" data-particle-mobile-disabled=\"false\" class=\"elementor-section elementor-top-section elementor-element elementor-element-eeb45eb elementor-section-full_width elementor-section-height-default elementor-section-height-default\" data-id=\"eeb45eb\" data-element_type=\"section\" data-settings=\"{&quot;background_background&quot;:&quot;classic&quot;}\">\n\t\t\t\t\t\t\t<div class=\"elementor-background-overlay\"><\/div>\n\t\t\t\t\t\t\t<div class=\"elementor-container elementor-column-gap-default\">\n\t\t\t\t\t\t\t<div class=\"elementor-row\">\n\t\t\t\t\t<div class=\"elementor-column elementor-col-100 elementor-top-column elementor-element elementor-element-b07f4f8\" data-id=\"b07f4f8\" data-element_type=\"column\">\n\t\t\t<div class=\"elementor-column-wrap elementor-element-populated\">\n\t\t\t\t\t\t\t<div class=\"elementor-widget-wrap\">\n\t\t\t\t\t\t<div class=\"elementor-element elementor-element-5b88402 elementor-grid-4 elementor-grid-tablet-2 elementor-grid-mobile-1 eael-fg-hoverer-content-align-left elementor-widget elementor-widget-eael-filterable-gallery\" data-id=\"5b88402\" data-element_type=\"widget\" data-settings=\"{&quot;columns&quot;:&quot;4&quot;,&quot;columns_tablet&quot;:&quot;2&quot;,&quot;columns_mobile&quot;:&quot;1&quot;,&quot;photo_gallery&quot;:&quot;yes&quot;,&quot;pagination&quot;:&quot;false&quot;}\" data-widget_type=\"eael-filterable-gallery.default\">\n\t\t\t\t<div class=\"elementor-widget-container\">\n\t\t\t        <div id=\"eael-filter-gallery-wrapper-5b88402\" class=\"eael-filter-gallery-wrapper\" data-layout-mode=\"hoverer\" data-mfp_caption=\"\">\n            \n            \n            <div class=\"eael-filter-gallery-container eael-filter-gallery-grid\" data-images-per-page=\"\" data-total-gallery-items=\"4\" data-nomore-item-text=\"\" data-settings=\"{&quot;grid_style&quot;:&quot;grid&quot;,&quot;popup&quot;:&quot;none&quot;,&quot;duration&quot;:500,&quot;gallery_enabled&quot;:&quot;yes&quot;,&quot;post_id&quot;:146,&quot;widget_id&quot;:&quot;5b88402&quot;}\" data-gallery-items=\"[&quot;&lt;div class=\\&quot;eael-filterable-gallery-item-wrap\\&quot;&gt;\\n\\t\\t\\t\\t&lt;div class=\\&quot;eael-gallery-grid-item\\&quot;&gt;&lt;a href=\\&quot;https:\\\/\\\/skinsbol.com\\\/wp-content\\\/uploads\\\/2021\\\/02\\\/quienes-somos-06.jpg\\&quot; class=\\&quot;eael-magnific-link media-content-wrap\\&quot; data-elementor-open-lightbox=\\&quot;no\\&quot;&gt;&lt;div class=\\&quot;gallery-item-thumbnail-wrap\\&quot;&gt;&lt;img src=\\&quot;https:\\\/\\\/skinsbol.com\\\/wp-content\\\/uploads\\\/2021\\\/02\\\/quienes-somos-06.jpg\\&quot; data-lazy-src=\\&quot;https:\\\/\\\/skinsbol.com\\\/wp-content\\\/uploads\\\/2021\\\/02\\\/quienes-somos-06.jpg\\&quot; alt=\\&quot;\\&quot; class=\\&quot;gallery-item-thumbnail\\&quot;&gt;&lt;\\\/div&gt;&lt;div class=\\&quot;gallery-item-caption-wrap caption-style-hoverer eael-slide-up\\&quot;&gt;&lt;div class=\\&quot;gallery-item-hoverer-bg\\&quot;&gt;&lt;\\\/div&gt;&lt;div class=\\&quot;gallery-item-caption-over\\&quot;&gt;&lt;h5 class=\\&quot;fg-item-title\\&quot;&gt;Skinsbol.com&lt;\\\/h5&gt;&lt;\\\/div&gt;&lt;\\\/div&gt;&lt;\\\/a&gt;&lt;\\\/a&gt;&lt;\\\/div&gt;&lt;\\\/div&gt;&quot;,&quot;&lt;div class=\\&quot;eael-filterable-gallery-item-wrap\\&quot;&gt;\\n\\t\\t\\t\\t&lt;div class=\\&quot;eael-gallery-grid-item\\&quot;&gt;&lt;a href=\\&quot;https:\\\/\\\/skinsbol.com\\\/wp-content\\\/uploads\\\/2021\\\/02\\\/quienes-somos-07.jpg\\&quot; class=\\&quot;eael-magnific-link media-content-wrap\\&quot; data-elementor-open-lightbox=\\&quot;no\\&quot;&gt;&lt;div class=\\&quot;gallery-item-thumbnail-wrap\\&quot;&gt;&lt;img src=\\&quot;https:\\\/\\\/skinsbol.com\\\/wp-content\\\/uploads\\\/2021\\\/02\\\/quienes-somos-07.jpg\\&quot; data-lazy-src=\\&quot;https:\\\/\\\/skinsbol.com\\\/wp-content\\\/uploads\\\/2021\\\/02\\\/quienes-somos-07.jpg\\&quot; alt=\\&quot;\\&quot; class=\\&quot;gallery-item-thumbnail\\&quot;&gt;&lt;\\\/div&gt;&lt;div class=\\&quot;gallery-item-caption-wrap caption-style-hoverer eael-slide-up\\&quot;&gt;&lt;div class=\\&quot;gallery-item-hoverer-bg\\&quot;&gt;&lt;\\\/div&gt;&lt;div class=\\&quot;gallery-item-caption-over\\&quot;&gt;&lt;h5 class=\\&quot;fg-item-title\\&quot;&gt;Skinsbol.com&lt;\\\/h5&gt;&lt;\\\/div&gt;&lt;\\\/div&gt;&lt;\\\/a&gt;&lt;\\\/a&gt;&lt;\\\/div&gt;&lt;\\\/div&gt;&quot;,&quot;&lt;div class=\\&quot;eael-filterable-gallery-item-wrap\\&quot;&gt;\\n\\t\\t\\t\\t&lt;div class=\\&quot;eael-gallery-grid-item\\&quot;&gt;&lt;a href=\\&quot;https:\\\/\\\/skinsbol.com\\\/wp-content\\\/uploads\\\/2021\\\/02\\\/quienes-somos-08.jpg\\&quot; class=\\&quot;eael-magnific-link media-content-wrap\\&quot; data-elementor-open-lightbox=\\&quot;no\\&quot;&gt;&lt;div class=\\&quot;gallery-item-thumbnail-wrap\\&quot;&gt;&lt;img src=\\&quot;https:\\\/\\\/skinsbol.com\\\/wp-content\\\/uploads\\\/2021\\\/02\\\/quienes-somos-08.jpg\\&quot; data-lazy-src=\\&quot;https:\\\/\\\/skinsbol.com\\\/wp-content\\\/uploads\\\/2021\\\/02\\\/quienes-somos-08.jpg\\&quot; alt=\\&quot;\\&quot; class=\\&quot;gallery-item-thumbnail\\&quot;&gt;&lt;\\\/div&gt;&lt;div class=\\&quot;gallery-item-caption-wrap caption-style-hoverer eael-slide-up\\&quot;&gt;&lt;div class=\\&quot;gallery-item-hoverer-bg\\&quot;&gt;&lt;\\\/div&gt;&lt;div class=\\&quot;gallery-item-caption-over\\&quot;&gt;&lt;h5 class=\\&quot;fg-item-title\\&quot;&gt;Skinsbol.com&lt;\\\/h5&gt;&lt;\\\/div&gt;&lt;\\\/div&gt;&lt;\\\/a&gt;&lt;\\\/a&gt;&lt;\\\/div&gt;&lt;\\\/div&gt;&quot;,&quot;&lt;div class=\\&quot;eael-filterable-gallery-item-wrap\\&quot;&gt;\\n\\t\\t\\t\\t&lt;div class=\\&quot;eael-gallery-grid-item\\&quot;&gt;&lt;a href=\\&quot;https:\\\/\\\/skinsbol.com\\\/wp-content\\\/uploads\\\/2021\\\/02\\\/quienes-somos-09.jpg\\&quot; class=\\&quot;eael-magnific-link media-content-wrap\\&quot; data-elementor-open-lightbox=\\&quot;no\\&quot;&gt;&lt;div class=\\&quot;gallery-item-thumbnail-wrap\\&quot;&gt;&lt;img src=\\&quot;https:\\\/\\\/skinsbol.com\\\/wp-content\\\/uploads\\\/2021\\\/02\\\/quienes-somos-09.jpg\\&quot; data-lazy-src=\\&quot;https:\\\/\\\/skinsbol.com\\\/wp-content\\\/uploads\\\/2021\\\/02\\\/quienes-somos-09.jpg\\&quot; alt=\\&quot;\\&quot; class=\\&quot;gallery-item-thumbnail\\&quot;&gt;&lt;\\\/div&gt;&lt;div class=\\&quot;gallery-item-caption-wrap caption-style-hoverer eael-slide-up\\&quot;&gt;&lt;div class=\\&quot;gallery-item-hoverer-bg\\&quot;&gt;&lt;\\\/div&gt;&lt;div class=\\&quot;gallery-item-caption-over\\&quot;&gt;&lt;h5 class=\\&quot;fg-item-title\\&quot;&gt;Skinsbol.com&lt;\\\/h5&gt;&lt;\\\/div&gt;&lt;\\\/div&gt;&lt;\\\/a&gt;&lt;\\\/a&gt;&lt;\\\/div&gt;&lt;\\\/div&gt;&quot;]\" data-init-show=\"4\">\n                <div class=\"eael-filterable-gallery-item-wrap\">\n\t\t\t\t<div class=\"eael-gallery-grid-item\"><a href=\"https:\/\/skinsbol.com\/wp-content\/uploads\/2021\/02\/quienes-somos-06.jpg\" class=\"eael-magnific-link media-content-wrap\" data-elementor-open-lightbox=\"no\"><div class=\"gallery-item-thumbnail-wrap\"><img src=\"https:\/\/skinsbol.com\/wp-content\/uploads\/2021\/02\/quienes-somos-06.jpg\" data-lazy-src=\"https:\/\/skinsbol.com\/wp-content\/uploads\/2021\/02\/quienes-somos-06.jpg\" alt=\"\" class=\"gallery-item-thumbnail\"><\/div><div class=\"gallery-item-caption-wrap caption-style-hoverer eael-slide-up\"><div class=\"gallery-item-hoverer-bg\"><\/div><div class=\"gallery-item-caption-over\"><h5 class=\"fg-item-title\">Skinsbol.com<\/h5><\/div><\/div><\/a><\/a><\/div><\/div><div class=\"eael-filterable-gallery-item-wrap\">\n\t\t\t\t<div class=\"eael-gallery-grid-item\"><a href=\"https:\/\/skinsbol.com\/wp-content\/uploads\/2021\/02\/quienes-somos-07.jpg\" class=\"eael-magnific-link media-content-wrap\" data-elementor-open-lightbox=\"no\"><div class=\"gallery-item-thumbnail-wrap\"><img src=\"https:\/\/skinsbol.com\/wp-content\/uploads\/2021\/02\/quienes-somos-07.jpg\" data-lazy-src=\"https:\/\/skinsbol.com\/wp-content\/uploads\/2021\/02\/quienes-somos-07.jpg\" alt=\"\" class=\"gallery-item-thumbnail\"><\/div><div class=\"gallery-item-caption-wrap caption-style-hoverer eael-slide-up\"><div class=\"gallery-item-hoverer-bg\"><\/div><div class=\"gallery-item-caption-over\"><h5 class=\"fg-item-title\">Skinsbol.com<\/h5><\/div><\/div><\/a><\/a><\/div><\/div><div class=\"eael-filterable-gallery-item-wrap\">\n\t\t\t\t<div class=\"eael-gallery-grid-item\"><a href=\"https:\/\/skinsbol.com\/wp-content\/uploads\/2021\/02\/quienes-somos-08.jpg\" class=\"eael-magnific-link media-content-wrap\" data-elementor-open-lightbox=\"no\"><div class=\"gallery-item-thumbnail-wrap\"><img src=\"https:\/\/skinsbol.com\/wp-content\/uploads\/2021\/02\/quienes-somos-08.jpg\" data-lazy-src=\"https:\/\/skinsbol.com\/wp-content\/uploads\/2021\/02\/quienes-somos-08.jpg\" alt=\"\" class=\"gallery-item-thumbnail\"><\/div><div class=\"gallery-item-caption-wrap caption-style-hoverer eael-slide-up\"><div class=\"gallery-item-hoverer-bg\"><\/div><div class=\"gallery-item-caption-over\"><h5 class=\"fg-item-title\">Skinsbol.com<\/h5><\/div><\/div><\/a><\/a><\/div><\/div><div class=\"eael-filterable-gallery-item-wrap\">\n\t\t\t\t<div class=\"eael-gallery-grid-item\"><a href=\"https:\/\/skinsbol.com\/wp-content\/uploads\/2021\/02\/quienes-somos-09.jpg\" class=\"eael-magnific-link media-content-wrap\" data-elementor-open-lightbox=\"no\"><div class=\"gallery-item-thumbnail-wrap\"><img src=\"https:\/\/skinsbol.com\/wp-content\/uploads\/2021\/02\/quienes-somos-09.jpg\" data-lazy-src=\"https:\/\/skinsbol.com\/wp-content\/uploads\/2021\/02\/quienes-somos-09.jpg\" alt=\"\" class=\"gallery-item-thumbnail\"><\/div><div class=\"gallery-item-caption-wrap caption-style-hoverer eael-slide-up\"><div class=\"gallery-item-hoverer-bg\"><\/div><div class=\"gallery-item-caption-over\"><h5 class=\"fg-item-title\">Skinsbol.com<\/h5><\/div><\/div><\/a><\/a><\/div><\/div>            <\/div>\n            \n                    <\/div>\n        \n        \t\t<\/div>\n\t\t\t\t<\/div>\n\t\t\t\t\t\t<\/div>\n\t\t\t\t\t<\/div>\n\t\t<\/div>\n\t\t\t\t\t\t\t\t<\/div>\n\t\t\t\t\t<\/div>\n\t\t<\/section>\n\t\t\t\t\t\t<\/div>\n\t\t\t\t\t\t<\/div>\n\t\t\t\t\t<\/div>","protected":false},"excerpt":{"rendered":"<p>\u00bfQui\u00e9nes somos? SKINSBOL es un nuevo concepto nacido de viejas tradiciones. Hasta ahora, el uso de cuero real en autom\u00f3viles s\u00f3lo era reservado para aquellos que pod\u00edan permitirse lujos extras. Trabajando directamente con una de las curtiembres m\u00e1s prestigiosas en Am\u00e9rica Latina y usando los mejores artesanos locales, nosotros podemos ofrecer este producto noble a&hellip;&nbsp;<a href=\"https:\/\/skinsbol.com\/en\/quienes-somos\/\" class=\"\" rel=\"bookmark\">Read More &raquo;<span class=\"screen-reader-text\">About us<\/span><\/a><\/p>","protected":false},"author":1,"featured_media":0,"parent":0,"menu_order":0,"comment_status":"closed","ping_status":"closed","template":"page-templates\/template-pagebuilder-full-width.php","meta":{"neve_meta_sidebar":"full-width","neve_meta_container":"","neve_meta_enable_content_width":"on","neve_meta_content_width":100,"neve_meta_title_alignment":"","neve_meta_author_avatar":"","neve_post_elements_order":"","neve_meta_disable_header":"","neve_meta_disable_footer":"","neve_meta_disable_title":""},"_links":{"self":[{"href":"https:\/\/skinsbol.com\/en\/wp-json\/wp\/v2\/pages\/146"}],"collection":[{"href":"https:\/\/skinsbol.com\/en\/wp-json\/wp\/v2\/pages"}],"about":[{"href":"https:\/\/skinsbol.com\/en\/wp-json\/wp\/v2\/types\/page"}],"author":[{"embeddable":true,"href":"https:\/\/skinsbol.com\/en\/wp-json\/wp\/v2\/users\/1"}],"replies":[{"embeddable":true,"href":"https:\/\/skinsbol.com\/en\/wp-json\/wp\/v2\/comments?post=146"}],"version-history":[{"count":72,"href":"https:\/\/skinsbol.com\/en\/wp-json\/wp\/v2\/pages\/146\/revisions"}],"predecessor-version":[{"id":883,"href":"https:\/\/skinsbol.com\/en\/wp-json\/wp\/v2\/pages\/146\/revisions\/883"}],"wp:attachment":[{"href":"https:\/\/skinsbol.com\/en\/wp-json\/wp\/v2\/media?parent=146"}],"curies":[{"name":"wp","href":"https:\/\/api.w.org\/{rel}","templated":true}]}}